{"id":178,"date":"2023-06-11T20:00:46","date_gmt":"2023-06-11T18:00:46","guid":{"rendered":"https:\/\/www.fatuk.de\/caya\/?page_id=178"},"modified":"2023-09-22T19:22:17","modified_gmt":"2023-09-22T17:22:17","slug":"austellung","status":"publish","type":"page","link":"https:\/\/www.fatuk.de\/caya\/austellung\/","title":{"rendered":"AUSSTELLUNG"},"content":{"rendered":"<p align=\"justify\"><img loading=\"lazy\" decoding=\"async\" class=\"aligncenter wp-image-858\" src=\"https:\/\/www.fatuk.de\/caya\/wp-content\/uploads\/2023\/09\/PLAKAT_CAYA_CHRISTIANE-FATH_OUT-Kopie_page-0001-Kopie-min-212x300.jpg\" alt=\"\" width=\"677\" height=\"958\" srcset=\"https:\/\/www.fatuk.de\/caya\/wp-content\/uploads\/2023\/09\/PLAKAT_CAYA_CHRISTIANE-FATH_OUT-Kopie_page-0001-Kopie-min-212x300.jpg 212w, https:\/\/www.fatuk.de\/caya\/wp-content\/uploads\/2023\/09\/PLAKAT_CAYA_CHRISTIANE-FATH_OUT-Kopie_page-0001-Kopie-min-724x1024.jpg 724w, https:\/\/www.fatuk.de\/caya\/wp-content\/uploads\/2023\/09\/PLAKAT_CAYA_CHRISTIANE-FATH_OUT-Kopie_page-0001-Kopie-min-768x1086.jpg 768w, https:\/\/www.fatuk.de\/caya\/wp-content\/uploads\/2023\/09\/PLAKAT_CAYA_CHRISTIANE-FATH_OUT-Kopie_page-0001-Kopie-min-1086x1536.jpg 1086w, https:\/\/www.fatuk.de\/caya\/wp-content\/uploads\/2023\/09\/PLAKAT_CAYA_CHRISTIANE-FATH_OUT-Kopie_page-0001-Kopie-min-1448x2048.jpg 1448w, https:\/\/www.fatuk.de\/caya\/wp-content\/uploads\/2023\/09\/PLAKAT_CAYA_CHRISTIANE-FATH_OUT-Kopie_page-0001-Kopie-min.jpg 1754w\" sizes=\"auto, (max-width: 677px) 100vw, 677px\" \/><\/p>\n<p>Abschlussarbeit der CAYAS, Sommersemester 2023: Ausstellung und Magazin: DIE KAISERINNEN!<\/p>\n<p>WAS: AUSSTELLUNGSER\u00d6FFNUNG &amp; BOOK RELEASE<br \/>\nWANN:\u00a0<span dir=\"ltr\">Dienstag 17.10.2023<\/span> \/ <span dir=\"ltr\">ab 18 Uhr<\/span><br \/>\nWO: ARCHITEKTURGALERIE Kaiserslautern \/ Rosenstrasse 2<br \/>\nAUSSTELLUNGSDAUER: <span dir=\"ltr\">18.-21.10.2023<\/span> \/ <span dir=\"ltr\">15-18 Uhr<\/span> und nach Vereinbarung<br \/>\n<span style=\"font-size: 10pt;\"><span style=\"font-size: 12pt;\">Fotografie: <\/span><span style=\"color: #9a0b6d;\"><a style=\"color: #9a0b6d;\" href=\"https:\/\/www.jasminschuller.com\"><span style=\"font-size: 12pt;\">Jasmin Schuller, Berlin<\/span><\/a><\/span><\/span><\/p>\n<hr \/>\n<p>CAYAs identifizieren Vorbilder!<br \/>\nIm ersten Studiendurchgang zu diesem Thema, einer Premiere, erm\u00f6glicht durch die Klara-Maria-Fa\u00dfbinder-Gastprofessur von Christiane Fath am fatuk der RPTU Kaiserslautern haben die Studierenden ein 2-t\u00e4giges Programm f\u00fcr ein Pop-Up-Symposium mit Workshops im Juni 2023 realisiert, Interviews mit internationalen Architektinnen und Architekten gef\u00fchrt, eine Ausstellung kuratiert, ein professionelles Fotoshooting absolviert und eine Publikation konzipiert und gestaltet.<\/p>\n<p>Die Cayas haben frauen- und divers gef\u00fchrte Architektur- und Urban Planning Studios in Berlin besucht, Kollektive kennengelernt und sind ins direkte Gespr\u00e4ch mit den Protagonistinnen getreten. Eine intensive Zeit von 6 Wochen, in der die individuellen Netzwerke jedes einzelnen Studierenden gewachsen sind: Die CAYAs haben Patenschaften f\u00fcr Role Models aus der Praxis \u00fcbernommen: Nahbarkeit, Vertrauensbildung und kritisches Hinterfragen waren m\u00f6glich. Ihre ganz pers\u00f6nlichen Learnings werden in einer abschliessenden Ausstellung in der Architekturgalerie Kaiserslautern gefeiert. Ihre Publikation COME AS YOU ARE! wird realeased und zu\u00a0 diesem Anlass spricht eine Vertreterin von Architects4Future. Herzliche Einladung an ALLE!<\/p>\n\n<p>Hier gelangst Du zum Gastbeitrag bei<span style=\"color: #9a0b6d;\"> <a style=\"color: #9a0b6d;\" href=\"https:\/\/www.baunetz-campus.de\/talks\/sechs-wochen-ein-symposium-das-kollektiv-caya-zeigt-wie-das-geht-8353825\" target=\"_blank\" rel=\"noopener\">Baunetz Campus.<\/a><\/span><\/p>\n<p>&nbsp;<\/p>\n","protected":false},"excerpt":{"rendered":"<p>Abschlussarbeit der CAYAS, Sommersemester 2023: Ausstellung und Magazin: DIE KAISERINNEN! WAS: AUSSTELLUNGSER\u00d6FFNUNG &amp; BOOK RELEASE WANN:\u00a0Dienstag 17.10.2023 \/ ab 18 Uhr WO: ARCHITEKTURGALERIE Kaiserslautern \/ Rosenstrasse 2 AUSSTELLUNGSDAUER: 18.-21.10.2023 \/ 15-18 Uhr und nach Vereinbarung Fotografie: Jasmin Schuller, Berlin CAYAs identifizieren Vorbilder! Im ersten Studiendurchgang zu diesem Thema, einer Premiere, erm\u00f6glicht durch die Klara-Maria-Fa\u00dfbinder-Gastprofessur von [&hellip;]<\/p>\n","protected":false},"author":1,"featured_media":0,"parent":0,"menu_order":0,"comment_status":"closed","ping_status":"closed","template":"","meta":{"footnotes":""},"class_list":["post-178","page","type-page","status-publish","hentry"],"_links":{"self":[{"href":"https:\/\/www.fatuk.de\/caya\/wp-json\/wp\/v2\/pages\/178","targetHints":{"allow":["GET"]}}],"collection":[{"href":"https:\/\/www.fatuk.de\/caya\/wp-json\/wp\/v2\/pages"}],"about":[{"href":"https:\/\/www.fatuk.de\/caya\/wp-json\/wp\/v2\/types\/page"}],"author":[{"embeddable":true,"href":"https:\/\/www.fatuk.de\/caya\/wp-json\/wp\/v2\/users\/1"}],"replies":[{"embeddable":true,"href":"https:\/\/www.fatuk.de\/caya\/wp-json\/wp\/v2\/comments?post=178"}],"version-history":[{"count":97,"href":"https:\/\/www.fatuk.de\/caya\/wp-json\/wp\/v2\/pages\/178\/revisions"}],"predecessor-version":[{"id":978,"href":"https:\/\/www.fatuk.de\/caya\/wp-json\/wp\/v2\/pages\/178\/revisions\/978"}],"wp:attachment":[{"href":"https:\/\/www.fatuk.de\/caya\/wp-json\/wp\/v2\/media?parent=178"}],"curies":[{"name":"wp","href":"https:\/\/api.w.org\/{rel}","templated":true}]}}