{"id":311,"date":"2023-11-23T16:52:11","date_gmt":"2023-11-23T15:52:11","guid":{"rendered":"https:\/\/www.fatuk.de\/atg\/?page_id=311"},"modified":"2025-01-24T14:30:33","modified_gmt":"2025-01-24T13:30:33","slug":"index","status":"publish","type":"page","link":"https:\/\/www.fatuk.de\/atg\/","title":{"rendered":"index"},"content":{"rendered":"\n<p class=\"wp-block-paragraph\" style=\"font-size:29px\"><\/p>\n\n\n\n<div class=\"wp-block-columns is-layout-flex wp-container-core-columns-is-layout-8f761849 wp-block-columns-is-layout-flex\">\n<div class=\"wp-block-column is-layout-flow wp-block-column-is-layout-flow\">\n<figure class=\"wp-block-image size-full\"><a href=\"\/atg\/category\/neuigkeiten\/\"><img decoding=\"async\" src=\"https:\/\/www.fatuk.de\/atg\/wp-content\/uploads\/2024\/02\/neuigkeiten.svg\" alt=\"\" class=\"wp-image-495\"\/><\/a><\/figure>\n<\/div>\n\n\n\n<div class=\"wp-block-column is-layout-flow wp-block-column-is-layout-flow\">\n<figure class=\"wp-block-image size-full\"><a href=\"\/atg\/category\/kurse\"><img decoding=\"async\" src=\"https:\/\/www.fatuk.de\/atg\/wp-content\/uploads\/2024\/02\/kurse.svg\" alt=\"\" class=\"wp-image-488\"\/><\/a><\/figure>\n<\/div>\n\n\n\n<div class=\"wp-block-column is-layout-flow wp-block-column-is-layout-flow\">\n<figure class=\"wp-block-image size-full\"><a href=\"\/atg\/tags\/\"><img decoding=\"async\" src=\"https:\/\/www.fatuk.de\/atg\/wp-content\/uploads\/2024\/05\/index.svg\" alt=\"\" class=\"wp-image-1023\"\/><\/a><\/figure>\n<\/div>\n<\/div>\n\n\n\n<div style=\"height:100px\" aria-hidden=\"true\" class=\"wp-block-spacer\"><\/div>\n\n\n\n<div class=\"wp-block-columns is-layout-flex wp-container-core-columns-is-layout-8f761849 wp-block-columns-is-layout-flex\">\n<div class=\"wp-block-column is-layout-flow wp-block-column-is-layout-flow\" style=\"flex-basis:25%\"><\/div>\n\n\n\n<div class=\"wp-block-column is-layout-flow wp-block-column-is-layout-flow\" style=\"flex-basis:50%\">\n<blockquote class=\"wp-block-quote is-layout-flow wp-block-quote-is-layout-flow\">\n<p class=\"wp-block-paragraph\"><\/p>\n<\/blockquote>\n\n\n\n<p class=\"wp-block-paragraph\">Der kritische Reflexionsrahmen der Disziplinen Theorie der Architektur und Geschichte der Architektur liegt an der Schnittstelle von Theorie und Praxis, Geschichte und Gegenwart. So gesehen, gehen Architekturtheorie und -geschichte retrospektiv vor, indem sie Hintergr\u00fcnde, Intentionen und Strukturen, die dem architektonischen Entwurf eingeschrieben sind, sowie das Handeln in der Architektur begr\u00fcnden, historisch-systematisch untersuchen und ihren Gehalt freilegen. Als theoretische Praxis ist Architekturtheorie zugleich eine prospektive Disziplin, die analytisch-synthetisierendes und kritisches Denken f\u00f6rdert. Dadurch ist sie in der Lage, Ver\u00e4nderungen und Neuordnungen der Praxis aufzusp\u00fcren und voranzutreiben. Das Fachgebiet ARCHITEKTUR \u2013 THEORIE \u2013 GESCHICHTE blickt also nicht nur zur\u00fcck, sondern agiert genauso im Jetzt. Diese Anschauung setzt voraus, dass Architektur als eine gesellschaftliche Praxis betrachtet wird, die in der Verantwortung steht, ihr Potenzial diskursiv und operativ zu entfalten.<\/p>\n<\/div>\n\n\n\n<div class=\"wp-block-column is-layout-flow wp-block-column-is-layout-flow\" style=\"flex-basis:25%\"><\/div>\n<\/div>\n\n\n\n<div style=\"height:100px\" aria-hidden=\"true\" class=\"wp-block-spacer\"><\/div>\n","protected":false},"excerpt":{"rendered":"<p>Der kritische Reflexionsrahmen der Disziplinen Theorie der Architektur und Geschichte der Architektur liegt an der Schnittstelle von Theorie und Praxis, Geschichte und Gegenwart. So gesehen, gehen Architekturtheorie und -geschichte retrospektiv vor, indem sie Hintergr\u00fcnde, Intentionen und Strukturen, die dem architektonischen Entwurf eingeschrieben sind, sowie das Handeln in der Architektur begr\u00fcnden, historisch-systematisch untersuchen und ihren Gehalt&hellip;<\/p>\n","protected":false},"author":1,"featured_media":0,"parent":0,"menu_order":0,"comment_status":"closed","ping_status":"closed","template":"","meta":{"_acf_changed":false,"_crdt_document":"","inline_featured_image":false,"footnotes":""},"class_list":["post-311","page","type-page","status-publish","hentry"],"acf":[],"_links":{"self":[{"href":"https:\/\/www.fatuk.de\/atg\/wp-json\/wp\/v2\/pages\/311","targetHints":{"allow":["GET"]}}],"collection":[{"href":"https:\/\/www.fatuk.de\/atg\/wp-json\/wp\/v2\/pages"}],"about":[{"href":"https:\/\/www.fatuk.de\/atg\/wp-json\/wp\/v2\/types\/page"}],"author":[{"embeddable":true,"href":"https:\/\/www.fatuk.de\/atg\/wp-json\/wp\/v2\/users\/1"}],"replies":[{"embeddable":true,"href":"https:\/\/www.fatuk.de\/atg\/wp-json\/wp\/v2\/comments?post=311"}],"version-history":[{"count":60,"href":"https:\/\/www.fatuk.de\/atg\/wp-json\/wp\/v2\/pages\/311\/revisions"}],"predecessor-version":[{"id":1551,"href":"https:\/\/www.fatuk.de\/atg\/wp-json\/wp\/v2\/pages\/311\/revisions\/1551"}],"wp:attachment":[{"href":"https:\/\/www.fatuk.de\/atg\/wp-json\/wp\/v2\/media?parent=311"}],"curies":[{"name":"wp","href":"https:\/\/api.w.org\/{rel}","templated":true}]}}